{"id":7,"date":"2018-05-03T11:42:25","date_gmt":"2018-05-03T11:42:25","guid":{"rendered":"http:\/\/cursolusegil.webs.upv.es\/?page_id=2"},"modified":"2024-03-24T11:39:57","modified_gmt":"2024-03-24T10:39:57","slug":"pagina-ejemplo","status":"publish","type":"page","link":"https:\/\/cursolusegil.blogs.upv.es\/","title":{"rendered":"PRESENTACI\u00d3N"},"content":{"rendered":"<p>Los bioprocesos son una parte esencial de muchas industrias tales como la industria biotecnol\u00f3gica, alimentaria, qu\u00edmica, farmac\u00e9utica o medioambiental. Los nuevos productos y procesos han sido concebidos y parcialmente desarrollados en laboratorios, pero la aplicaci\u00f3n de la biotecnolog\u00eda a escala industrial necesita de los conocimientos fundamentales de la ingenier\u00eda. Pese a ser complejos y dif\u00edciles de controlar, los sistemas biol\u00f3gicos obedecen a las leyes de la qu\u00edmica y la f\u00edsica y son, por lo tanto, analizables desde un punto de vista ingenieril. Existe una necesidad de profesionales entrenados en tecnolog\u00eda de bioprocesos que puedan trasladar los nuevos descubrimientos a la producci\u00f3n a escala industrial. Estos profesionales deben estar preparados para trabajar en la zona com\u00fan entre la biolog\u00eda y la ingenier\u00eda.<\/p>\n<p><strong>Ingenier\u00eda de Productos Biotecnol\u00f3gicos (IPB)<\/strong> est\u00e1 actualmente dividida en dos asignaturas de 2\u00ba curso del <strong>Grado en Biotecnolog\u00eda<\/strong>, una por cuatrimestre. Las asignaturas Ingenier\u00eda de Procesos Biotecnol\u00f3gicos I y II pretenden introducir a los alumnos en la ingenier\u00eda de procesos orientada a la biotecnolog\u00eda. Tras haber estudiado los fundamentos de los balances de propiedad y de los fen\u00f3menos de transporte involucrados en los bioprocesos en el cuatrimestre A (Ingenier\u00eda de Procesos Biotecnol\u00f3gicos I), la asignatura Ingenier\u00eda de Procesos Biotecnol\u00f3gicos II abordar\u00e1 los principios y aplicaciones de los principales procesos de separaci\u00f3n, purificaci\u00f3n y acondicionamiento utilizados en las industrias biotecnol\u00f3gicas. El conjunto de operaciones unitarias necesarias para recuperar un producto biotecnol\u00f3gico se conoce en el contexto biotecnol\u00f3gico como <strong>operaciones <em>downstream <\/em><\/strong>u <strong><em>o<\/em><em><strong>p<\/strong>eraciones de recuperaci\u00f3n<\/em><\/strong>.<\/p>\n<p><strong>Profesora:<\/strong> <a href=\"http:\/\/cursolusegil.webs.upv.es\/profesorado\/\" target=\"_blank\" rel=\"noopener\">Luc\u00eda Segu\u00ed Gil<\/a><\/p>\n<p><b>IPB II: <a href=\"http:\/\/cursolusegil.webs.upv.es\/operaciones-de-recuperacion-de-productos-biotecnologicos\/\" rel=\"noopener\">OPERACIONES DE RECUPERACI\u00d3N DE PRODUCTOS BIOTECNOL\u00d3GICOS<\/a><\/b><\/p>\n","protected":false},"excerpt":{"rendered":"<p>Los bioprocesos son una parte esencial de muchas industrias tales como la industria biotecnol\u00f3gica, alimentaria, qu\u00edmica, farmac\u00e9utica o medioambiental. Los nuevos productos y procesos han sido concebidos y parcialmente desarrollados en laboratorios, pero la aplicaci\u00f3n de la biotecnolog\u00eda a escala industrial necesita de los conocimientos fundamentales de la ingenier\u00eda. Pese a ser complejos y dif\u00edciles &hellip; <a href=\"https:\/\/cursolusegil.blogs.upv.es\/\" class=\"more-link\">Seguir leyendo <span class=\"screen-reader-text\">PRESENTACI\u00d3N<\/span> <span class=\"meta-nav\">&rarr;<\/span><\/a><\/p>\n","protected":false},"author":831,"featured_media":0,"parent":0,"menu_order":0,"comment_status":"closed","ping_status":"open","template":"","meta":{"footnotes":""},"class_list":["post-7","page","type-page","status-publish","hentry"],"_links":{"self":[{"href":"https:\/\/cursolusegil.blogs.upv.es\/index.php?rest_route=\/wp\/v2\/pages\/7","targetHints":{"allow":["GET"]}}],"collection":[{"href":"https:\/\/cursolusegil.blogs.upv.es\/index.php?rest_route=\/wp\/v2\/pages"}],"about":[{"href":"https:\/\/cursolusegil.blogs.upv.es\/index.php?rest_route=\/wp\/v2\/types\/page"}],"author":[{"embeddable":true,"href":"https:\/\/cursolusegil.blogs.upv.es\/index.php?rest_route=\/wp\/v2\/users\/831"}],"replies":[{"embeddable":true,"href":"https:\/\/cursolusegil.blogs.upv.es\/index.php?rest_route=%2Fwp%2Fv2%2Fcomments&post=7"}],"version-history":[{"count":2,"href":"https:\/\/cursolusegil.blogs.upv.es\/index.php?rest_route=\/wp\/v2\/pages\/7\/revisions"}],"predecessor-version":[{"id":585,"href":"https:\/\/cursolusegil.blogs.upv.es\/index.php?rest_route=\/wp\/v2\/pages\/7\/revisions\/585"}],"wp:attachment":[{"href":"https:\/\/cursolusegil.blogs.upv.es\/index.php?rest_route=%2Fwp%2Fv2%2Fmedia&parent=7"}],"curies":[{"name":"wp","href":"https:\/\/api.w.org\/{rel}","templated":true}]}}