{"id":32,"date":"2018-05-03T13:10:15","date_gmt":"2018-05-03T12:10:15","guid":{"rendered":"http:\/\/cursolusegil.webs.upv.es\/?page_id=32"},"modified":"2025-04-29T10:21:27","modified_gmt":"2025-04-29T09:21:27","slug":"aplicaciones","status":"publish","type":"page","link":"https:\/\/cursolusegil.blogs.upv.es\/?page_id=32","title":{"rendered":"APLICACIONES"},"content":{"rendered":"<p>Los <strong>Procesos de Recuperaci\u00f3n<\/strong> consisten en <strong>secuencias de Operaciones Unitarias<\/strong> destinadas a separar y purificar un compuesto de inter\u00e9s. Algunas operaciones unitarias se repiten a menudo, tales como la filtraci\u00f3n, la separaci\u00f3n por membranas, la concentraci\u00f3n por evaporaci\u00f3n, la cristalizaci\u00f3n o el secado. En funci\u00f3n del producto a obtener y de la pureza deseada, se escoger\u00e1n unas u otras operaciones.<\/p>\n<p>A continuaci\u00f3n se muestra la secuencia de operaciones unitarias habitualmente empleada para recuperar los siguientes compuestos:<\/p>\n<div id='gallery-1' class='gallery galleryid-32 gallery-columns-2 gallery-size-medium'><figure class='gallery-item'>\n\t\t\t<div class='gallery-icon landscape'>\n\t\t\t\t<a href='https:\/\/cursolusegil.blogs.upv.es\/?attachment_id=39'><img loading=\"lazy\" decoding=\"async\" width=\"300\" height=\"184\" src=\"https:\/\/cursolusegil.blogs.upv.es\/wp-content\/uploads\/2018\/05\/L-Lisina-300x184.jpg\" class=\"attachment-medium size-medium\" alt=\"\" aria-describedby=\"gallery-1-39\" srcset=\"https:\/\/cursolusegil.blogs.upv.es\/wp-content\/uploads\/2018\/05\/L-Lisina-300x184.jpg 300w, https:\/\/cursolusegil.blogs.upv.es\/wp-content\/uploads\/2018\/05\/L-Lisina-768x471.jpg 768w, https:\/\/cursolusegil.blogs.upv.es\/wp-content\/uploads\/2018\/05\/L-Lisina.jpg 935w\" sizes=\"auto, (max-width: 300px) 100vw, 300px\" \/><\/a>\n\t\t\t<\/div>\n\t\t\t\t<figcaption class='wp-caption-text gallery-caption' id='gallery-1-39'>\n\t\t\t\tAmino\u00e1cidos esenciales: L-Lisina\n\t\t\t\t<\/figcaption><\/figure><figure class='gallery-item'>\n\t\t\t<div class='gallery-icon landscape'>\n\t\t\t\t<a href='https:\/\/cursolusegil.blogs.upv.es\/?attachment_id=38'><img loading=\"lazy\" decoding=\"async\" width=\"300\" height=\"199\" src=\"https:\/\/cursolusegil.blogs.upv.es\/wp-content\/uploads\/2018\/05\/lactosa-elevada-pureza-300x199.jpg\" class=\"attachment-medium size-medium\" alt=\"\" aria-describedby=\"gallery-1-38\" srcset=\"https:\/\/cursolusegil.blogs.upv.es\/wp-content\/uploads\/2018\/05\/lactosa-elevada-pureza-300x199.jpg 300w, https:\/\/cursolusegil.blogs.upv.es\/wp-content\/uploads\/2018\/05\/lactosa-elevada-pureza-768x508.jpg 768w, https:\/\/cursolusegil.blogs.upv.es\/wp-content\/uploads\/2018\/05\/lactosa-elevada-pureza.jpg 935w\" sizes=\"auto, (max-width: 300px) 100vw, 300px\" \/><\/a>\n\t\t\t<\/div>\n\t\t\t\t<figcaption class='wp-caption-text gallery-caption' id='gallery-1-38'>\n\t\t\t\tLactosa de elevada pureza\n\t\t\t\t<\/figcaption><\/figure><figure class='gallery-item'>\n\t\t\t<div class='gallery-icon landscape'>\n\t\t\t\t<a href='https:\/\/cursolusegil.blogs.upv.es\/?attachment_id=33'><img loading=\"lazy\" decoding=\"async\" width=\"300\" height=\"197\" src=\"https:\/\/cursolusegil.blogs.upv.es\/wp-content\/uploads\/2018\/05\/ENZIMAS-300x197.jpg\" class=\"attachment-medium size-medium\" alt=\"\" aria-describedby=\"gallery-1-33\" srcset=\"https:\/\/cursolusegil.blogs.upv.es\/wp-content\/uploads\/2018\/05\/ENZIMAS-300x197.jpg 300w, https:\/\/cursolusegil.blogs.upv.es\/wp-content\/uploads\/2018\/05\/ENZIMAS-768x504.jpg 768w, https:\/\/cursolusegil.blogs.upv.es\/wp-content\/uploads\/2018\/05\/ENZIMAS.jpg 952w\" sizes=\"auto, (max-width: 300px) 100vw, 300px\" \/><\/a>\n\t\t\t<\/div>\n\t\t\t\t<figcaption class='wp-caption-text gallery-caption' id='gallery-1-33'>\n\t\t\t\tEnzimas de origen microbiano\n\t\t\t\t<\/figcaption><\/figure><figure class='gallery-item'>\n\t\t\t<div class='gallery-icon landscape'>\n\t\t\t\t<a href='https:\/\/cursolusegil.blogs.upv.es\/?attachment_id=35'><img loading=\"lazy\" decoding=\"async\" width=\"300\" height=\"197\" src=\"https:\/\/cursolusegil.blogs.upv.es\/wp-content\/uploads\/2018\/05\/ERITRITOL-300x197.jpg\" class=\"attachment-medium size-medium\" alt=\"\" aria-describedby=\"gallery-1-35\" srcset=\"https:\/\/cursolusegil.blogs.upv.es\/wp-content\/uploads\/2018\/05\/ERITRITOL-300x197.jpg 300w, https:\/\/cursolusegil.blogs.upv.es\/wp-content\/uploads\/2018\/05\/ERITRITOL-768x504.jpg 768w, https:\/\/cursolusegil.blogs.upv.es\/wp-content\/uploads\/2018\/05\/ERITRITOL.jpg 952w\" sizes=\"auto, (max-width: 300px) 100vw, 300px\" \/><\/a>\n\t\t\t<\/div>\n\t\t\t\t<figcaption class='wp-caption-text gallery-caption' id='gallery-1-35'>\n\t\t\t\tEritritol\n\t\t\t\t<\/figcaption><\/figure>\n\t\t<\/div>\n\n","protected":false},"excerpt":{"rendered":"<p>Los Procesos de Recuperaci\u00f3n consisten en secuencias de Operaciones Unitarias destinadas a separar y purificar un compuesto de inter\u00e9s. Algunas operaciones unitarias se repiten a menudo, tales como la filtraci\u00f3n, la separaci\u00f3n por membranas, la concentraci\u00f3n por evaporaci\u00f3n, la cristalizaci\u00f3n o el secado. En funci\u00f3n del producto a obtener y de la pureza deseada, se &hellip; <a href=\"https:\/\/cursolusegil.blogs.upv.es\/?page_id=32\" class=\"more-link\">Seguir leyendo <span class=\"screen-reader-text\">APLICACIONES<\/span> <span class=\"meta-nav\">&rarr;<\/span><\/a><\/p>\n","protected":false},"author":831,"featured_media":0,"parent":0,"menu_order":0,"comment_status":"closed","ping_status":"closed","template":"","meta":{"footnotes":""},"class_list":["post-32","page","type-page","status-publish","hentry"],"_links":{"self":[{"href":"https:\/\/cursolusegil.blogs.upv.es\/index.php?rest_route=\/wp\/v2\/pages\/32","targetHints":{"allow":["GET"]}}],"collection":[{"href":"https:\/\/cursolusegil.blogs.upv.es\/index.php?rest_route=\/wp\/v2\/pages"}],"about":[{"href":"https:\/\/cursolusegil.blogs.upv.es\/index.php?rest_route=\/wp\/v2\/types\/page"}],"author":[{"embeddable":true,"href":"https:\/\/cursolusegil.blogs.upv.es\/index.php?rest_route=\/wp\/v2\/users\/831"}],"replies":[{"embeddable":true,"href":"https:\/\/cursolusegil.blogs.upv.es\/index.php?rest_route=%2Fwp%2Fv2%2Fcomments&post=32"}],"version-history":[{"count":2,"href":"https:\/\/cursolusegil.blogs.upv.es\/index.php?rest_route=\/wp\/v2\/pages\/32\/revisions"}],"predecessor-version":[{"id":591,"href":"https:\/\/cursolusegil.blogs.upv.es\/index.php?rest_route=\/wp\/v2\/pages\/32\/revisions\/591"}],"wp:attachment":[{"href":"https:\/\/cursolusegil.blogs.upv.es\/index.php?rest_route=%2Fwp%2Fv2%2Fmedia&parent=32"}],"curies":[{"name":"wp","href":"https:\/\/api.w.org\/{rel}","templated":true}]}}