{"id":230,"date":"2018-05-07T12:18:45","date_gmt":"2018-05-07T11:18:45","guid":{"rendered":"http:\/\/cursolusegil.webs.upv.es\/?page_id=230"},"modified":"2019-04-15T13:15:22","modified_gmt":"2019-04-15T12:15:22","slug":"profesorado","status":"publish","type":"page","link":"https:\/\/cursolusegil.blogs.upv.es\/?page_id=230","title":{"rendered":"INFORMACI\u00d3N DEL PROFESOR"},"content":{"rendered":"<h3><img loading=\"lazy\" decoding=\"async\" class=\"alignleft wp-image-240\" style=\"color: #333333;font-size: 16px;font-weight: 400\" src=\"http:\/\/cursolusegil.webs.upv.es\/wp-content\/uploads\/2018\/05\/FOTO-PERFIL.jpg\" alt=\"\" width=\"80\" height=\"80\" \/><\/h3>\n<h3><\/h3>\n<h3><strong>Luc\u00ed<\/strong><strong>a Segu\u00ed Gil<\/strong><\/h3>\n<p><strong>lusegil@upvnet.upv.es<\/strong><\/p>\n<p><strong>Tutor\u00edas: a demanda por correo electr\u00f3nico.<\/strong><\/p>\n<p><strong>Despacho: 1.39 edificio 3P (ETSIAMN).<\/strong><\/p>\n<p><em>Profesora Titular de Universidad<\/em><\/p>\n<p><em>Departamento de Tecnolog\u00eda de Alimentos (Unidad Docente Ingenier\u00eda)<\/em><\/p>\n<p><em>Escuela T\u00e9cnica Superior de Ingenier\u00eda Agron\u00f3mica y del Medio Natural (ETSIAMN)\u00a0<\/em><\/p>\n<p><em>Instituto\u00a0Universitario de Ingenier\u00eda de Alimentos para el Desarrollo (IUIAD)<\/em><\/p>\n<p>&nbsp;<\/p>\n<p>&nbsp;<\/p>\n<p>&nbsp;<\/p>\n<p>&nbsp;<\/p>\n","protected":false},"excerpt":{"rendered":"<p>Luc\u00eda Segu\u00ed Gil lusegil@upvnet.upv.es Tutor\u00edas: a demanda por correo electr\u00f3nico. Despacho: 1.39 edificio 3P (ETSIAMN). Profesora Titular de Universidad Departamento de Tecnolog\u00eda de Alimentos (Unidad Docente Ingenier\u00eda) Escuela T\u00e9cnica Superior de Ingenier\u00eda Agron\u00f3mica y del Medio Natural (ETSIAMN)\u00a0 Instituto\u00a0Universitario de Ingenier\u00eda de Alimentos para el Desarrollo (IUIAD) &nbsp; &nbsp; &nbsp; &nbsp;<\/p>\n","protected":false},"author":831,"featured_media":0,"parent":0,"menu_order":0,"comment_status":"closed","ping_status":"closed","template":"","meta":{"footnotes":""},"class_list":["post-230","page","type-page","status-publish","hentry"],"_links":{"self":[{"href":"https:\/\/cursolusegil.blogs.upv.es\/index.php?rest_route=\/wp\/v2\/pages\/230","targetHints":{"allow":["GET"]}}],"collection":[{"href":"https:\/\/cursolusegil.blogs.upv.es\/index.php?rest_route=\/wp\/v2\/pages"}],"about":[{"href":"https:\/\/cursolusegil.blogs.upv.es\/index.php?rest_route=\/wp\/v2\/types\/page"}],"author":[{"embeddable":true,"href":"https:\/\/cursolusegil.blogs.upv.es\/index.php?rest_route=\/wp\/v2\/users\/831"}],"replies":[{"embeddable":true,"href":"https:\/\/cursolusegil.blogs.upv.es\/index.php?rest_route=%2Fwp%2Fv2%2Fcomments&post=230"}],"version-history":[{"count":0,"href":"https:\/\/cursolusegil.blogs.upv.es\/index.php?rest_route=\/wp\/v2\/pages\/230\/revisions"}],"wp:attachment":[{"href":"https:\/\/cursolusegil.blogs.upv.es\/index.php?rest_route=%2Fwp%2Fv2%2Fmedia&parent=230"}],"curies":[{"name":"wp","href":"https:\/\/api.w.org\/{rel}","templated":true}]}}